{"id":24,"date":"2026-02-06T14:15:49","date_gmt":"2026-02-06T14:15:49","guid":{"rendered":"https:\/\/whisip.com\/?page_id=24"},"modified":"2026-02-18T17:26:56","modified_gmt":"2026-02-18T17:26:56","slug":"impressum","status":"publish","type":"page","link":"https:\/\/whisip.com\/en\/impressum\/","title":{"rendered":"impressum"},"content":{"rendered":"<div class=\"wp-block-group alignfull is-style-ext-preset--group--natural-1--section has-background-background-color has-background has-global-padding is-layout-constrained wp-container-core-group-is-layout-6150fac0 wp-block-group-is-layout-constrained\" style=\"margin-top:0;margin-bottom:0;padding-top:var(--wp--preset--spacing--70);padding-bottom:var(--wp--preset--spacing--70)\">\n<p class=\"has-medium-font-size\"><strong>Website-Betreiber:<\/strong><br>Robin Marc Kaboth<br>Quartelsweg 6<br>41366 Schwalmtal<br>Deutschland<br><br><strong>Kontaktinformationen:<\/strong><br>Telefon: +49 172 1648801<br>E-Mail: whisip@kaboth.de<br>Website: whisip.com<br><br><strong>Redaktionell verantwortlich:<\/strong><br>Robin Marc Kaboth<br><br><strong>Letzte Aktualisierung:<\/strong><br>06.02.2026<\/p>\n\n\n\n<div style=\"height:100px\" aria-hidden=\"true\" class=\"wp-block-spacer\"><\/div>\n\n\n\n<p class=\"has-medium-font-size\"><strong>KI-gest\u00fctzte Inhalte<\/strong><br>whisip nutzt moderne KI-Tools zur Unterst\u00fctzung bei Recherche, Analyse und Visualisierung von Whisky-Inhalten.<br>Die finale redaktionelle Verantwortung liegt ausschlie\u00dflich beim Betreiber.<br>KI dient als Werkzeug \u2013 nicht als Ersatz f\u00fcr pers\u00f6nliche Bewertung und redaktionelle Pr\u00fcfung.<\/p>\n<\/div>\n\n\n\n<p><\/p>","protected":false},"excerpt":{"rendered":"<p>Website-Betreiber:Robin Marc KabothQuartelsweg 641366 SchwalmtalDeutschland Kontaktinformationen:Telefon: +49 172 1648801E-Mail: whisip@kaboth.deWebsite: whisip.com Redaktionell verantwortlich:Robin Marc Kaboth Letzte Aktualisierung:06.02.2026 KI-gest\u00fctzte Inhaltewhisip nutzt moderne KI-Tools zur Unterst\u00fctzung bei Recherche, Analyse und Visualisierung von Whisky-Inhalten.Die finale redaktionelle Verantwortung liegt ausschlie\u00dflich beim Betreiber.KI dient als Werkzeug \u2013 nicht als Ersatz f\u00fcr pers\u00f6nliche Bewertung und redaktionelle Pr\u00fcfung.<\/p>","protected":false},"author":1,"featured_media":0,"parent":0,"menu_order":0,"comment_status":"closed","ping_status":"closed","template":"","meta":{"footnotes":""},"class_list":["post-24","page","type-page","status-publish","hentry"],"yoast_head":"<!-- This site is optimized with the Yoast SEO plugin v27.3 - https:\/\/yoast.com\/product\/yoast-seo-wordpress\/ -->\n<title>impressum - whisip<\/title>\n<meta name=\"description\" content=\"whisip verbindet Whisky, Text und KI: Ehrliche, subjektive Tastings \u2013 und Visuals, die aus Geschmack eine digitale Aura entstehen lassen.\" \/>\n<meta name=\"robots\" content=\"index, follow, max-snippet:-1, max-image-preview:large, max-video-preview:-1\" \/>\n<link rel=\"canonical\" href=\"https:\/\/whisip.com\/en\/impressum\/\" \/>\n<meta property=\"og:locale\" content=\"en_US\" \/>\n<meta property=\"og:type\" content=\"article\" \/>\n<meta property=\"og:title\" content=\"impressum - whisip\" \/>\n<meta property=\"og:description\" content=\"whisip verbindet Whisky, Text und KI: Ehrliche, subjektive Tastings \u2013 und Visuals, die aus Geschmack eine digitale Aura entstehen lassen.\" \/>\n<meta property=\"og:url\" content=\"https:\/\/whisip.com\/en\/impressum\/\" \/>\n<meta property=\"og:site_name\" content=\"whisip\" \/>\n<meta property=\"article:modified_time\" content=\"2026-02-18T17:26:56+00:00\" \/>\n<meta name=\"twitter:card\" content=\"summary_large_image\" \/>\n<meta name=\"twitter:label1\" content=\"Est. reading time\" \/>\n\t<meta name=\"twitter:data1\" content=\"1 minute\" \/>\n<script type=\"application\/ld+json\" class=\"yoast-schema-graph\">{\"@context\":\"https:\\\/\\\/schema.org\",\"@graph\":[{\"@type\":\"WebPage\",\"@id\":\"https:\\\/\\\/whisip.com\\\/impressum\\\/\",\"url\":\"https:\\\/\\\/whisip.com\\\/impressum\\\/\",\"name\":\"impressum - whisip\",\"isPartOf\":{\"@id\":\"https:\\\/\\\/whisip.com\\\/#website\"},\"datePublished\":\"2026-02-06T14:15:49+00:00\",\"dateModified\":\"2026-02-18T17:26:56+00:00\",\"description\":\"whisip verbindet Whisky, Text und KI: Ehrliche, subjektive Tastings \u2013 und Visuals, die aus Geschmack eine digitale Aura entstehen lassen.\",\"breadcrumb\":{\"@id\":\"https:\\\/\\\/whisip.com\\\/impressum\\\/#breadcrumb\"},\"inLanguage\":\"en-US\",\"potentialAction\":[{\"@type\":\"ReadAction\",\"target\":[\"https:\\\/\\\/whisip.com\\\/impressum\\\/\"]}]},{\"@type\":\"BreadcrumbList\",\"@id\":\"https:\\\/\\\/whisip.com\\\/impressum\\\/#breadcrumb\",\"itemListElement\":[{\"@type\":\"ListItem\",\"position\":1,\"name\":\"Start\",\"item\":\"https:\\\/\\\/whisip.com\\\/\"},{\"@type\":\"ListItem\",\"position\":2,\"name\":\"impressum\"}]},{\"@type\":\"WebSite\",\"@id\":\"https:\\\/\\\/whisip.com\\\/#website\",\"url\":\"https:\\\/\\\/whisip.com\\\/\",\"name\":\"whisip\",\"description\":\"visualized whisky reviews\",\"publisher\":{\"@id\":\"https:\\\/\\\/whisip.com\\\/#organization\"},\"potentialAction\":[{\"@type\":\"SearchAction\",\"target\":{\"@type\":\"EntryPoint\",\"urlTemplate\":\"https:\\\/\\\/whisip.com\\\/?s={search_term_string}\"},\"query-input\":{\"@type\":\"PropertyValueSpecification\",\"valueRequired\":true,\"valueName\":\"search_term_string\"}}],\"inLanguage\":\"en-US\"},{\"@type\":\"Organization\",\"@id\":\"https:\\\/\\\/whisip.com\\\/#organization\",\"name\":\"whisip\",\"url\":\"https:\\\/\\\/whisip.com\\\/\",\"logo\":{\"@type\":\"ImageObject\",\"inLanguage\":\"en-US\",\"@id\":\"https:\\\/\\\/whisip.com\\\/#\\\/schema\\\/logo\\\/image\\\/\",\"url\":\"https:\\\/\\\/whisip.com\\\/wp-content\\\/uploads\\\/2026\\\/02\\\/aura_01_whisip_trans.png\",\"contentUrl\":\"https:\\\/\\\/whisip.com\\\/wp-content\\\/uploads\\\/2026\\\/02\\\/aura_01_whisip_trans.png\",\"width\":1024,\"height\":1024,\"caption\":\"whisip\"},\"image\":{\"@id\":\"https:\\\/\\\/whisip.com\\\/#\\\/schema\\\/logo\\\/image\\\/\"},\"sameAs\":[\"https:\\\/\\\/www.instagram.com\\\/whisip_com\\\/\"]}]}<\/script>\n<!-- \/ Yoast SEO plugin. -->","yoast_head_json":{"title":"impressum - whisip","description":"whisip verbindet Whisky, Text und KI: Ehrliche, subjektive Tastings \u2013 und Visuals, die aus Geschmack eine digitale Aura entstehen lassen.","robots":{"index":"index","follow":"follow","max-snippet":"max-snippet:-1","max-image-preview":"max-image-preview:large","max-video-preview":"max-video-preview:-1"},"canonical":"https:\/\/whisip.com\/en\/impressum\/","og_locale":"en_US","og_type":"article","og_title":"impressum - whisip","og_description":"whisip verbindet Whisky, Text und KI: Ehrliche, subjektive Tastings \u2013 und Visuals, die aus Geschmack eine digitale Aura entstehen lassen.","og_url":"https:\/\/whisip.com\/en\/impressum\/","og_site_name":"whisip","article_modified_time":"2026-02-18T17:26:56+00:00","twitter_card":"summary_large_image","twitter_misc":{"Est. reading time":"1 minute"},"schema":{"@context":"https:\/\/schema.org","@graph":[{"@type":"WebPage","@id":"https:\/\/whisip.com\/impressum\/","url":"https:\/\/whisip.com\/impressum\/","name":"impressum - whisip","isPartOf":{"@id":"https:\/\/whisip.com\/#website"},"datePublished":"2026-02-06T14:15:49+00:00","dateModified":"2026-02-18T17:26:56+00:00","description":"whisip verbindet Whisky, Text und KI: Ehrliche, subjektive Tastings \u2013 und Visuals, die aus Geschmack eine digitale Aura entstehen lassen.","breadcrumb":{"@id":"https:\/\/whisip.com\/impressum\/#breadcrumb"},"inLanguage":"en-US","potentialAction":[{"@type":"ReadAction","target":["https:\/\/whisip.com\/impressum\/"]}]},{"@type":"BreadcrumbList","@id":"https:\/\/whisip.com\/impressum\/#breadcrumb","itemListElement":[{"@type":"ListItem","position":1,"name":"Start","item":"https:\/\/whisip.com\/"},{"@type":"ListItem","position":2,"name":"impressum"}]},{"@type":"WebSite","@id":"https:\/\/whisip.com\/#website","url":"https:\/\/whisip.com\/","name":"whisip","description":"visualized whisky reviews","publisher":{"@id":"https:\/\/whisip.com\/#organization"},"potentialAction":[{"@type":"SearchAction","target":{"@type":"EntryPoint","urlTemplate":"https:\/\/whisip.com\/?s={search_term_string}"},"query-input":{"@type":"PropertyValueSpecification","valueRequired":true,"valueName":"search_term_string"}}],"inLanguage":"en-US"},{"@type":"Organization","@id":"https:\/\/whisip.com\/#organization","name":"whisip","url":"https:\/\/whisip.com\/","logo":{"@type":"ImageObject","inLanguage":"en-US","@id":"https:\/\/whisip.com\/#\/schema\/logo\/image\/","url":"https:\/\/whisip.com\/wp-content\/uploads\/2026\/02\/aura_01_whisip_trans.png","contentUrl":"https:\/\/whisip.com\/wp-content\/uploads\/2026\/02\/aura_01_whisip_trans.png","width":1024,"height":1024,"caption":"whisip"},"image":{"@id":"https:\/\/whisip.com\/#\/schema\/logo\/image\/"},"sameAs":["https:\/\/www.instagram.com\/whisip_com\/"]}]}},"_links":{"self":[{"href":"https:\/\/whisip.com\/en\/wp-json\/wp\/v2\/pages\/24","targetHints":{"allow":["GET"]}}],"collection":[{"href":"https:\/\/whisip.com\/en\/wp-json\/wp\/v2\/pages"}],"about":[{"href":"https:\/\/whisip.com\/en\/wp-json\/wp\/v2\/types\/page"}],"author":[{"embeddable":true,"href":"https:\/\/whisip.com\/en\/wp-json\/wp\/v2\/users\/1"}],"replies":[{"embeddable":true,"href":"https:\/\/whisip.com\/en\/wp-json\/wp\/v2\/comments?post=24"}],"version-history":[{"count":6,"href":"https:\/\/whisip.com\/en\/wp-json\/wp\/v2\/pages\/24\/revisions"}],"predecessor-version":[{"id":757,"href":"https:\/\/whisip.com\/en\/wp-json\/wp\/v2\/pages\/24\/revisions\/757"}],"wp:attachment":[{"href":"https:\/\/whisip.com\/en\/wp-json\/wp\/v2\/media?parent=24"}],"curies":[{"name":"wp","href":"https:\/\/api.w.org\/{rel}","templated":true}]}}